{"id":106,"date":"2024-04-12T22:12:45","date_gmt":"2024-04-12T20:12:45","guid":{"rendered":"https:\/\/www.lequartierhaut-sete.fr\/?page_id=106"},"modified":"2024-04-29T11:58:21","modified_gmt":"2024-04-29T09:58:21","slug":"contact","status":"publish","type":"page","link":"https:\/\/www.lequartierhaut-sete.fr\/index.php\/contact\/","title":{"rendered":"Contact"},"content":{"rendered":"\n<div class=\"wp-block-media-text is-stacked-on-mobile\" style=\"grid-template-columns:32% auto\"><figure class=\"wp-block-media-text__media\"><img loading=\"lazy\" decoding=\"async\" width=\"275\" height=\"183\" src=\"https:\/\/www.lequartierhaut-sete.fr\/wp-content\/uploads\/2024\/04\/grande-rue-haute.jpg\" alt=\"\" class=\"wp-image-316 size-full\"\/><\/figure><div class=\"wp-block-media-text__content\">\n<p>16 rue Jean Robert Pinet<br>34200 S\u00e8te<\/p>\n\n\n\n<p>lequartierhaut@gmail.com<br>06-14-36-75-38<\/p>\n\n\n\n<p><strong>Pour nous rejoindre<\/strong>: (vous arriverez en face de la photo) sur votre droite au niveau du 134 de la grande rue haute, descendre \u00e0 gauche de la &#8220;patte d&#8217;oie&#8221; et ensuite tourner \u00e0 droite et aller fond de l&#8217;impasse.<\/p>\n\n\n\n<p><\/p>\n\n\n\n<p><\/p>\n<\/div><\/div>\n","protected":false},"excerpt":{"rendered":"<p>16 rue Jean Robert Pinet34200 S\u00e8te lequartierhaut@gmail.com06-14-36-75-38 Pour nous rejoindre: (vous arriverez en face de la photo) sur votre droite [&hellip;]<\/p>\n","protected":false},"author":1,"featured_media":0,"parent":0,"menu_order":0,"comment_status":"closed","ping_status":"closed","template":"","meta":{"site-sidebar-layout":"default","site-content-layout":"","ast-site-content-layout":"default","site-content-style":"default","site-sidebar-style":"default","ast-global-header-display":"","ast-banner-title-visibility":"","ast-main-header-display":"","ast-hfb-above-header-display":"","ast-hfb-below-header-display":"","ast-hfb-mobile-header-display":"","site-post-title":"","ast-breadcrumbs-content":"","ast-featured-img":"","footer-sml-layout":"","theme-transparent-header-meta":"","adv-header-id-meta":"","stick-header-meta":"","header-above-stick-meta":"","header-main-stick-meta":"","header-below-stick-meta":"","astra-migrate-meta-layouts":"default","ast-page-background-enabled":"default","ast-page-background-meta":{"desktop":{"background-color":"var(--ast-global-color-4)","background-image":"","background-repeat":"repeat","background-position":"center center","background-size":"auto","background-attachment":"scroll","background-type":"","background-media":"","overlay-type":"","overlay-color":"","overlay-opacity":"","overlay-gradient":""},"tablet":{"background-color":"","background-image":"","background-repeat":"repeat","background-position":"center center","background-size":"auto","background-attachment":"scroll","background-type":"","background-media":"","overlay-type":"","overlay-color":"","overlay-opacity":"","overlay-gradient":""},"mobile":{"background-color":"","background-image":"","background-repeat":"repeat","background-position":"center center","background-size":"auto","background-attachment":"scroll","background-type":"","background-media":"","overlay-type":"","overlay-color":"","overlay-opacity":"","overlay-gradient":""}},"ast-content-background-meta":{"desktop":{"background-color":"var(--ast-global-color-5)","background-image":"","background-repeat":"repeat","background-position":"center center","background-size":"auto","background-attachment":"scroll","background-type":"","background-media":"","overlay-type":"","overlay-color":"","overlay-opacity":"","overlay-gradient":""},"tablet":{"background-color":"var(--ast-global-color-5)","background-image":"","background-repeat":"repeat","background-position":"center center","background-size":"auto","background-attachment":"scroll","background-type":"","background-media":"","overlay-type":"","overlay-color":"","overlay-opacity":"","overlay-gradient":""},"mobile":{"background-color":"var(--ast-global-color-5)","background-image":"","background-repeat":"repeat","background-position":"center center","background-size":"auto","background-attachment":"scroll","background-type":"","background-media":"","overlay-type":"","overlay-color":"","overlay-opacity":"","overlay-gradient":""}},"footnotes":""},"class_list":["post-106","page","type-page","status-publish","hentry"],"yoast_head":"<!-- This site is optimized with the Yoast SEO plugin v26.4 - https:\/\/yoast.com\/wordpress\/plugins\/seo\/ -->\n<title>Contact - Chambre d&#039;h\u00f4tes S\u00e8te Chambre d&#039;h\u00f4tes S\u00e8te<\/title>\n<meta name=\"description\" content=\"Chambre d&#039;h\u00f4tes S\u00e8te\" \/>\n<meta name=\"robots\" content=\"index, follow, max-snippet:-1, max-image-preview:large, max-video-preview:-1\" \/>\n<link rel=\"canonical\" href=\"https:\/\/www.lequartierhaut-sete.fr\/index.php\/contact\/\" \/>\n<meta property=\"og:locale\" content=\"fr_FR\" \/>\n<meta property=\"og:type\" content=\"article\" \/>\n<meta property=\"og:title\" content=\"Contact - Chambre d&#039;h\u00f4tes S\u00e8te Chambre d&#039;h\u00f4tes S\u00e8te\" \/>\n<meta property=\"og:description\" content=\"Chambre d&#039;h\u00f4tes S\u00e8te\" \/>\n<meta property=\"og:url\" content=\"https:\/\/www.lequartierhaut-sete.fr\/index.php\/contact\/\" \/>\n<meta property=\"og:site_name\" content=\"Chambre d&#039;h\u00f4tes S\u00e8te\" \/>\n<meta property=\"article:publisher\" content=\"https:\/\/www.lequartierhaut-sete.fr\" \/>\n<meta property=\"article:modified_time\" content=\"2024-04-29T09:58:21+00:00\" \/>\n<meta property=\"og:image\" content=\"https:\/\/www.lequartierhaut-sete.fr\/wp-content\/uploads\/2024\/04\/grande-rue-haute.jpg\" \/>\n<meta name=\"twitter:card\" content=\"summary_large_image\" \/>\n<script type=\"application\/ld+json\" class=\"yoast-schema-graph\">{\"@context\":\"https:\/\/schema.org\",\"@graph\":[{\"@type\":\"WebPage\",\"@id\":\"https:\/\/www.lequartierhaut-sete.fr\/index.php\/contact\/\",\"url\":\"https:\/\/www.lequartierhaut-sete.fr\/index.php\/contact\/\",\"name\":\"Contact - Chambre d&#039;h\u00f4tes S\u00e8te Chambre d&#039;h\u00f4tes S\u00e8te\",\"isPartOf\":{\"@id\":\"https:\/\/www.lequartierhaut-sete.fr\/#website\"},\"primaryImageOfPage\":{\"@id\":\"https:\/\/www.lequartierhaut-sete.fr\/index.php\/contact\/#primaryimage\"},\"image\":{\"@id\":\"https:\/\/www.lequartierhaut-sete.fr\/index.php\/contact\/#primaryimage\"},\"thumbnailUrl\":\"https:\/\/www.lequartierhaut-sete.fr\/wp-content\/uploads\/2024\/04\/grande-rue-haute.jpg\",\"datePublished\":\"2024-04-12T20:12:45+00:00\",\"dateModified\":\"2024-04-29T09:58:21+00:00\",\"description\":\"Chambre d&#039;h\u00f4tes S\u00e8te\",\"breadcrumb\":{\"@id\":\"https:\/\/www.lequartierhaut-sete.fr\/index.php\/contact\/#breadcrumb\"},\"inLanguage\":\"fr-FR\",\"potentialAction\":[{\"@type\":\"ReadAction\",\"target\":[\"https:\/\/www.lequartierhaut-sete.fr\/index.php\/contact\/\"]}]},{\"@type\":\"ImageObject\",\"inLanguage\":\"fr-FR\",\"@id\":\"https:\/\/www.lequartierhaut-sete.fr\/index.php\/contact\/#primaryimage\",\"url\":\"https:\/\/www.lequartierhaut-sete.fr\/wp-content\/uploads\/2024\/04\/grande-rue-haute.jpg\",\"contentUrl\":\"https:\/\/www.lequartierhaut-sete.fr\/wp-content\/uploads\/2024\/04\/grande-rue-haute.jpg\",\"width\":275,\"height\":183},{\"@type\":\"BreadcrumbList\",\"@id\":\"https:\/\/www.lequartierhaut-sete.fr\/index.php\/contact\/#breadcrumb\",\"itemListElement\":[{\"@type\":\"ListItem\",\"position\":1,\"name\":\"Accueil\",\"item\":\"https:\/\/www.lequartierhaut-sete.fr\/\"},{\"@type\":\"ListItem\",\"position\":2,\"name\":\"Contact\"}]},{\"@type\":\"WebSite\",\"@id\":\"https:\/\/www.lequartierhaut-sete.fr\/#website\",\"url\":\"https:\/\/www.lequartierhaut-sete.fr\/\",\"name\":\"WordPress lequartierhaut-sete.fr\",\"description\":\"Un site utilisant WordPress\",\"publisher\":{\"@id\":\"https:\/\/www.lequartierhaut-sete.fr\/#organization\"},\"potentialAction\":[{\"@type\":\"SearchAction\",\"target\":{\"@type\":\"EntryPoint\",\"urlTemplate\":\"https:\/\/www.lequartierhaut-sete.fr\/?s={search_term_string}\"},\"query-input\":{\"@type\":\"PropertyValueSpecification\",\"valueRequired\":true,\"valueName\":\"search_term_string\"}}],\"inLanguage\":\"fr-FR\"},{\"@type\":\"Organization\",\"@id\":\"https:\/\/www.lequartierhaut-sete.fr\/#organization\",\"name\":\"WordPress chambre d'h\u00f4tes le quartierhaut sete\",\"url\":\"https:\/\/www.lequartierhaut-sete.fr\/\",\"logo\":{\"@type\":\"ImageObject\",\"inLanguage\":\"fr-FR\",\"@id\":\"https:\/\/www.lequartierhaut-sete.fr\/#\/schema\/logo\/image\/\",\"url\":\"https:\/\/www.lequartierhaut-sete.fr\/wp-content\/uploads\/2024\/04\/terrasse-1.jpg\",\"contentUrl\":\"https:\/\/www.lequartierhaut-sete.fr\/wp-content\/uploads\/2024\/04\/terrasse-1.jpg\",\"width\":800,\"height\":600,\"caption\":\"WordPress chambre d'h\u00f4tes le quartierhaut sete\"},\"image\":{\"@id\":\"https:\/\/www.lequartierhaut-sete.fr\/#\/schema\/logo\/image\/\"},\"sameAs\":[\"https:\/\/www.lequartierhaut-sete.fr\"]}]}<\/script>\n<!-- \/ Yoast SEO plugin. -->","yoast_head_json":{"title":"Contact - Chambre d&#039;h\u00f4tes S\u00e8te Chambre d&#039;h\u00f4tes S\u00e8te","description":"Chambre d&#039;h\u00f4tes S\u00e8te","robots":{"index":"index","follow":"follow","max-snippet":"max-snippet:-1","max-image-preview":"max-image-preview:large","max-video-preview":"max-video-preview:-1"},"canonical":"https:\/\/www.lequartierhaut-sete.fr\/index.php\/contact\/","og_locale":"fr_FR","og_type":"article","og_title":"Contact - Chambre d&#039;h\u00f4tes S\u00e8te Chambre d&#039;h\u00f4tes S\u00e8te","og_description":"Chambre d&#039;h\u00f4tes S\u00e8te","og_url":"https:\/\/www.lequartierhaut-sete.fr\/index.php\/contact\/","og_site_name":"Chambre d&#039;h\u00f4tes S\u00e8te","article_publisher":"https:\/\/www.lequartierhaut-sete.fr","article_modified_time":"2024-04-29T09:58:21+00:00","og_image":[{"url":"https:\/\/www.lequartierhaut-sete.fr\/wp-content\/uploads\/2024\/04\/grande-rue-haute.jpg","type":"","width":"","height":""}],"twitter_card":"summary_large_image","schema":{"@context":"https:\/\/schema.org","@graph":[{"@type":"WebPage","@id":"https:\/\/www.lequartierhaut-sete.fr\/index.php\/contact\/","url":"https:\/\/www.lequartierhaut-sete.fr\/index.php\/contact\/","name":"Contact - Chambre d&#039;h\u00f4tes S\u00e8te Chambre d&#039;h\u00f4tes S\u00e8te","isPartOf":{"@id":"https:\/\/www.lequartierhaut-sete.fr\/#website"},"primaryImageOfPage":{"@id":"https:\/\/www.lequartierhaut-sete.fr\/index.php\/contact\/#primaryimage"},"image":{"@id":"https:\/\/www.lequartierhaut-sete.fr\/index.php\/contact\/#primaryimage"},"thumbnailUrl":"https:\/\/www.lequartierhaut-sete.fr\/wp-content\/uploads\/2024\/04\/grande-rue-haute.jpg","datePublished":"2024-04-12T20:12:45+00:00","dateModified":"2024-04-29T09:58:21+00:00","description":"Chambre d&#039;h\u00f4tes S\u00e8te","breadcrumb":{"@id":"https:\/\/www.lequartierhaut-sete.fr\/index.php\/contact\/#breadcrumb"},"inLanguage":"fr-FR","potentialAction":[{"@type":"ReadAction","target":["https:\/\/www.lequartierhaut-sete.fr\/index.php\/contact\/"]}]},{"@type":"ImageObject","inLanguage":"fr-FR","@id":"https:\/\/www.lequartierhaut-sete.fr\/index.php\/contact\/#primaryimage","url":"https:\/\/www.lequartierhaut-sete.fr\/wp-content\/uploads\/2024\/04\/grande-rue-haute.jpg","contentUrl":"https:\/\/www.lequartierhaut-sete.fr\/wp-content\/uploads\/2024\/04\/grande-rue-haute.jpg","width":275,"height":183},{"@type":"BreadcrumbList","@id":"https:\/\/www.lequartierhaut-sete.fr\/index.php\/contact\/#breadcrumb","itemListElement":[{"@type":"ListItem","position":1,"name":"Accueil","item":"https:\/\/www.lequartierhaut-sete.fr\/"},{"@type":"ListItem","position":2,"name":"Contact"}]},{"@type":"WebSite","@id":"https:\/\/www.lequartierhaut-sete.fr\/#website","url":"https:\/\/www.lequartierhaut-sete.fr\/","name":"WordPress lequartierhaut-sete.fr","description":"Un site utilisant WordPress","publisher":{"@id":"https:\/\/www.lequartierhaut-sete.fr\/#organization"},"potentialAction":[{"@type":"SearchAction","target":{"@type":"EntryPoint","urlTemplate":"https:\/\/www.lequartierhaut-sete.fr\/?s={search_term_string}"},"query-input":{"@type":"PropertyValueSpecification","valueRequired":true,"valueName":"search_term_string"}}],"inLanguage":"fr-FR"},{"@type":"Organization","@id":"https:\/\/www.lequartierhaut-sete.fr\/#organization","name":"WordPress chambre d'h\u00f4tes le quartierhaut sete","url":"https:\/\/www.lequartierhaut-sete.fr\/","logo":{"@type":"ImageObject","inLanguage":"fr-FR","@id":"https:\/\/www.lequartierhaut-sete.fr\/#\/schema\/logo\/image\/","url":"https:\/\/www.lequartierhaut-sete.fr\/wp-content\/uploads\/2024\/04\/terrasse-1.jpg","contentUrl":"https:\/\/www.lequartierhaut-sete.fr\/wp-content\/uploads\/2024\/04\/terrasse-1.jpg","width":800,"height":600,"caption":"WordPress chambre d'h\u00f4tes le quartierhaut sete"},"image":{"@id":"https:\/\/www.lequartierhaut-sete.fr\/#\/schema\/logo\/image\/"},"sameAs":["https:\/\/www.lequartierhaut-sete.fr"]}]}},"_links":{"self":[{"href":"https:\/\/www.lequartierhaut-sete.fr\/index.php\/wp-json\/wp\/v2\/pages\/106","targetHints":{"allow":["GET"]}}],"collection":[{"href":"https:\/\/www.lequartierhaut-sete.fr\/index.php\/wp-json\/wp\/v2\/pages"}],"about":[{"href":"https:\/\/www.lequartierhaut-sete.fr\/index.php\/wp-json\/wp\/v2\/types\/page"}],"author":[{"embeddable":true,"href":"https:\/\/www.lequartierhaut-sete.fr\/index.php\/wp-json\/wp\/v2\/users\/1"}],"replies":[{"embeddable":true,"href":"https:\/\/www.lequartierhaut-sete.fr\/index.php\/wp-json\/wp\/v2\/comments?post=106"}],"version-history":[{"count":6,"href":"https:\/\/www.lequartierhaut-sete.fr\/index.php\/wp-json\/wp\/v2\/pages\/106\/revisions"}],"predecessor-version":[{"id":337,"href":"https:\/\/www.lequartierhaut-sete.fr\/index.php\/wp-json\/wp\/v2\/pages\/106\/revisions\/337"}],"wp:attachment":[{"href":"https:\/\/www.lequartierhaut-sete.fr\/index.php\/wp-json\/wp\/v2\/media?parent=106"}],"curies":[{"name":"wp","href":"https:\/\/api.w.org\/{rel}","templated":true}]}}